{"id":1342,"date":"2021-12-22T09:44:40","date_gmt":"2021-12-22T08:44:40","guid":{"rendered":"https:\/\/vetedy.com\/?page_id=1342"},"modified":"2023-03-31T15:02:19","modified_gmt":"2023-03-31T13:02:19","slug":"questionnaire-de-contact","status":"publish","type":"page","link":"https:\/\/vetedy.com\/fr\/questionnaire-de-contact\/","title":{"rendered":"Questionnaire de contact"},"content":{"rendered":"\n<div id=\"block_2c8b7d9fe99da414ca606e00c2fb34d8\" class=\"WizardHeader\" style=\"background-image: url(https:\/\/vetedy.com\/app\/uploads\/2022\/03\/black-background-1468370534d5s.jpg);\">\n    <div class=\"container\">\n        <div class=\"WizardHeader-texts\">\n            <h1>Un formulaire simple, pr\u00e9cis &amp; rapide.<\/h1>\n<p>Notre formulaire de contact a \u00e9t\u00e9 con\u00e7u pour vous permettre de trouver l&rsquo;interlocuteur qui vous correspond. Il vous suffit de choisir directement ci-dessous votre profil, si vous \u00eates un particulier ou un professionnel et de s\u00e9lectionner ensuite si vous souhaitez visiter un showroom ou nous exposer votre projet de terrasse et\/ou de bardage.<\/p>\n<p><strong style=\"font-size: 18px;\">info@vetedy.com<\/strong><br \/>\n<strong style=\"font-size: 18px;\">39 Rte d&rsquo;Arlon, 8410 Steinfort<\/strong><br \/>\n<strong style=\"font-size: 18px;\">+352 26 30 61 1<\/strong><\/p>\n        <\/div>\n        <div class=\"WizardHeader-steps\">\n            <ul class=\"FormSteps\">\n                                    <li class=\"FormStep\">\n                        <div class=\"FormStep-icon\">\n                            <i class=\"fal fa-user\"><\/i>                        <\/div>\n                        <div class=\"FormStep-text\">\n                            <span class=\"FormStep-text-number\">01.&nbsp;<\/span>\n                            <span class=\"FormStep-text-title\">Votre profil<\/span>\n                        <\/div>\n                    <\/li>\n                                    <li class=\"FormStep\">\n                        <div class=\"FormStep-icon\">\n                            <i class=\"fal fa-search\"><\/i>                        <\/div>\n                        <div class=\"FormStep-text\">\n                            <span class=\"FormStep-text-number\">02.&nbsp;<\/span>\n                            <span class=\"FormStep-text-title\">Vos besoins<\/span>\n                        <\/div>\n                    <\/li>\n                                    <li class=\"FormStep\">\n                        <div class=\"FormStep-icon\">\n                            <i class=\"fal fa-user-headset\"><\/i>                        <\/div>\n                        <div class=\"FormStep-text\">\n                            <span class=\"FormStep-text-number\">03.&nbsp;<\/span>\n                            <span class=\"FormStep-text-title\">Une r\u00e9ponse dans les plus brefs d\u00e9lais<\/span>\n                        <\/div>\n                    <\/li>\n                            <\/ul>\n        <\/div>\n    <\/div>\n<\/div>\n","protected":false},"excerpt":{"rendered":"","protected":false},"author":1,"featured_media":0,"parent":0,"menu_order":0,"comment_status":"closed","ping_status":"closed","template":"templates\/contact-wizard.php","meta":{"_acf_changed":false,"footnotes":""},"class_list":["post-1342","page","type-page","status-publish","hentry"],"acf":[],"yoast_head":"<!-- This site is optimized with the Yoast SEO plugin v26.5 - https:\/\/yoast.com\/wordpress\/plugins\/seo\/ -->\n<title>Questionnaire de contact &#183; Vetedy<\/title>\n<meta name=\"description\" content=\"Votre terrasse-fa\u00e7ades bois haut de gamme au meilleur prix pour professionnel ou particulier, d\u00e9couvrez nos revendeurs dans le monde. Contact\" \/>\n<meta name=\"robots\" content=\"index, follow, max-snippet:-1, max-image-preview:large, max-video-preview:-1\" \/>\n<link rel=\"canonical\" href=\"https:\/\/vetedy.com\/fr\/questionnaire-de-contact\/\" \/>\n<meta property=\"og:locale\" content=\"fr_FR\" \/>\n<meta property=\"og:type\" content=\"article\" \/>\n<meta property=\"og:title\" content=\"Questionnaire de contact &#183; Vetedy\" \/>\n<meta property=\"og:description\" content=\"Votre terrasse-fa\u00e7ades bois haut de gamme au meilleur prix pour professionnel ou particulier, d\u00e9couvrez nos revendeurs dans le monde. Contact\" \/>\n<meta property=\"og:url\" content=\"https:\/\/vetedy.com\/fr\/questionnaire-de-contact\/\" \/>\n<meta property=\"og:site_name\" content=\"Vetedy\" \/>\n<meta property=\"article:publisher\" content=\"https:\/\/www.facebook.com\/Vetedy\" \/>\n<meta property=\"article:modified_time\" content=\"2023-03-31T13:02:19+00:00\" \/>\n<meta property=\"og:image\" content=\"https:\/\/vetedy.com\/app\/uploads\/2022\/10\/open-graph.png\" \/>\n\t<meta property=\"og:image:width\" content=\"1600\" \/>\n\t<meta property=\"og:image:height\" content=\"1067\" \/>\n\t<meta property=\"og:image:type\" content=\"image\/png\" \/>\n<meta name=\"twitter:card\" content=\"summary_large_image\" \/>\n<script type=\"application\/ld+json\" class=\"yoast-schema-graph\">{\"@context\":\"https:\/\/schema.org\",\"@graph\":[{\"@type\":\"WebPage\",\"@id\":\"https:\/\/vetedy.com\/fr\/questionnaire-de-contact\/\",\"url\":\"https:\/\/vetedy.com\/fr\/questionnaire-de-contact\/\",\"name\":\"Questionnaire de contact &#183; Vetedy\",\"isPartOf\":{\"@id\":\"https:\/\/vetedy.com\/fr\/#website\"},\"datePublished\":\"2021-12-22T08:44:40+00:00\",\"dateModified\":\"2023-03-31T13:02:19+00:00\",\"description\":\"Votre terrasse-fa\u00e7ades bois haut de gamme au meilleur prix pour professionnel ou particulier, d\u00e9couvrez nos revendeurs dans le monde. Contact\",\"breadcrumb\":{\"@id\":\"https:\/\/vetedy.com\/fr\/questionnaire-de-contact\/#breadcrumb\"},\"inLanguage\":\"fr-FR\",\"potentialAction\":[{\"@type\":\"ReadAction\",\"target\":[\"https:\/\/vetedy.com\/fr\/questionnaire-de-contact\/\"]}]},{\"@type\":\"BreadcrumbList\",\"@id\":\"https:\/\/vetedy.com\/fr\/questionnaire-de-contact\/#breadcrumb\",\"itemListElement\":[{\"@type\":\"ListItem\",\"position\":1,\"name\":\"Home\",\"item\":\"https:\/\/vetedy.com\/fr\/\"},{\"@type\":\"ListItem\",\"position\":2,\"name\":\"Questionnaire de contact\"}]},{\"@type\":\"WebSite\",\"@id\":\"https:\/\/vetedy.com\/fr\/#website\",\"url\":\"https:\/\/vetedy.com\/fr\/\",\"name\":\"Vetedy\",\"description\":\"Syst\u00e8mes de terrasses et bardages en bois \u00e0 fixations invisibles\",\"publisher\":{\"@id\":\"https:\/\/vetedy.com\/fr\/#organization\"},\"alternateName\":\"Vetedy WOOD DECKING SYSTEMS AND WOOD FACADES WITH INVISIBLE FASTENERS\",\"potentialAction\":[{\"@type\":\"SearchAction\",\"target\":{\"@type\":\"EntryPoint\",\"urlTemplate\":\"https:\/\/vetedy.com\/fr\/?s={search_term_string}\"},\"query-input\":{\"@type\":\"PropertyValueSpecification\",\"valueRequired\":true,\"valueName\":\"search_term_string\"}}],\"inLanguage\":\"fr-FR\"},{\"@type\":\"Organization\",\"@id\":\"https:\/\/vetedy.com\/fr\/#organization\",\"name\":\"Vetedy S.A\",\"alternateName\":\"Vetedy S.A WOOD DECKING SYSTEMS AND WOOD FACADES WITH INVISIBLE FASTENERS\",\"url\":\"https:\/\/vetedy.com\/fr\/\",\"logo\":{\"@type\":\"ImageObject\",\"inLanguage\":\"fr-FR\",\"@id\":\"https:\/\/vetedy.com\/fr\/#\/schema\/logo\/image\/\",\"url\":\"https:\/\/vetedy.com\/app\/uploads\/2022\/10\/Logo-Vetedy-transparent.png\",\"contentUrl\":\"https:\/\/vetedy.com\/app\/uploads\/2022\/10\/Logo-Vetedy-transparent.png\",\"width\":1080,\"height\":1080,\"caption\":\"Vetedy S.A\"},\"image\":{\"@id\":\"https:\/\/vetedy.com\/fr\/#\/schema\/logo\/image\/\"},\"sameAs\":[\"https:\/\/www.facebook.com\/Vetedy\",\"https:\/\/www.linkedin.com\/company\/vetedy-group\",\"https:\/\/www.instagram.com\/vetedy_official\",\"https:\/\/www.pinterest.fr\/vetedy\/\"]}]}<\/script>\n<!-- \/ Yoast SEO plugin. -->","yoast_head_json":{"title":"Questionnaire de contact &#183; Vetedy","description":"Votre terrasse-fa\u00e7ades bois haut de gamme au meilleur prix pour professionnel ou particulier, d\u00e9couvrez nos revendeurs dans le monde. Contact","robots":{"index":"index","follow":"follow","max-snippet":"max-snippet:-1","max-image-preview":"max-image-preview:large","max-video-preview":"max-video-preview:-1"},"canonical":"https:\/\/vetedy.com\/fr\/questionnaire-de-contact\/","og_locale":"fr_FR","og_type":"article","og_title":"Questionnaire de contact &#183; Vetedy","og_description":"Votre terrasse-fa\u00e7ades bois haut de gamme au meilleur prix pour professionnel ou particulier, d\u00e9couvrez nos revendeurs dans le monde. Contact","og_url":"https:\/\/vetedy.com\/fr\/questionnaire-de-contact\/","og_site_name":"Vetedy","article_publisher":"https:\/\/www.facebook.com\/Vetedy","article_modified_time":"2023-03-31T13:02:19+00:00","og_image":[{"width":1600,"height":1067,"url":"https:\/\/vetedy.com\/app\/uploads\/2022\/10\/open-graph.png","type":"image\/png"}],"twitter_card":"summary_large_image","schema":{"@context":"https:\/\/schema.org","@graph":[{"@type":"WebPage","@id":"https:\/\/vetedy.com\/fr\/questionnaire-de-contact\/","url":"https:\/\/vetedy.com\/fr\/questionnaire-de-contact\/","name":"Questionnaire de contact &#183; Vetedy","isPartOf":{"@id":"https:\/\/vetedy.com\/fr\/#website"},"datePublished":"2021-12-22T08:44:40+00:00","dateModified":"2023-03-31T13:02:19+00:00","description":"Votre terrasse-fa\u00e7ades bois haut de gamme au meilleur prix pour professionnel ou particulier, d\u00e9couvrez nos revendeurs dans le monde. Contact","breadcrumb":{"@id":"https:\/\/vetedy.com\/fr\/questionnaire-de-contact\/#breadcrumb"},"inLanguage":"fr-FR","potentialAction":[{"@type":"ReadAction","target":["https:\/\/vetedy.com\/fr\/questionnaire-de-contact\/"]}]},{"@type":"BreadcrumbList","@id":"https:\/\/vetedy.com\/fr\/questionnaire-de-contact\/#breadcrumb","itemListElement":[{"@type":"ListItem","position":1,"name":"Home","item":"https:\/\/vetedy.com\/fr\/"},{"@type":"ListItem","position":2,"name":"Questionnaire de contact"}]},{"@type":"WebSite","@id":"https:\/\/vetedy.com\/fr\/#website","url":"https:\/\/vetedy.com\/fr\/","name":"Vetedy","description":"Syst\u00e8mes de terrasses et bardages en bois \u00e0 fixations invisibles","publisher":{"@id":"https:\/\/vetedy.com\/fr\/#organization"},"alternateName":"Vetedy WOOD DECKING SYSTEMS AND WOOD FACADES WITH INVISIBLE FASTENERS","potentialAction":[{"@type":"SearchAction","target":{"@type":"EntryPoint","urlTemplate":"https:\/\/vetedy.com\/fr\/?s={search_term_string}"},"query-input":{"@type":"PropertyValueSpecification","valueRequired":true,"valueName":"search_term_string"}}],"inLanguage":"fr-FR"},{"@type":"Organization","@id":"https:\/\/vetedy.com\/fr\/#organization","name":"Vetedy S.A","alternateName":"Vetedy S.A WOOD DECKING SYSTEMS AND WOOD FACADES WITH INVISIBLE FASTENERS","url":"https:\/\/vetedy.com\/fr\/","logo":{"@type":"ImageObject","inLanguage":"fr-FR","@id":"https:\/\/vetedy.com\/fr\/#\/schema\/logo\/image\/","url":"https:\/\/vetedy.com\/app\/uploads\/2022\/10\/Logo-Vetedy-transparent.png","contentUrl":"https:\/\/vetedy.com\/app\/uploads\/2022\/10\/Logo-Vetedy-transparent.png","width":1080,"height":1080,"caption":"Vetedy S.A"},"image":{"@id":"https:\/\/vetedy.com\/fr\/#\/schema\/logo\/image\/"},"sameAs":["https:\/\/www.facebook.com\/Vetedy","https:\/\/www.linkedin.com\/company\/vetedy-group","https:\/\/www.instagram.com\/vetedy_official","https:\/\/www.pinterest.fr\/vetedy\/"]}]}},"_links":{"self":[{"href":"https:\/\/vetedy.com\/fr\/wp-json\/wp\/v2\/pages\/1342","targetHints":{"allow":["GET"]}}],"collection":[{"href":"https:\/\/vetedy.com\/fr\/wp-json\/wp\/v2\/pages"}],"about":[{"href":"https:\/\/vetedy.com\/fr\/wp-json\/wp\/v2\/types\/page"}],"author":[{"embeddable":true,"href":"https:\/\/vetedy.com\/fr\/wp-json\/wp\/v2\/users\/1"}],"replies":[{"embeddable":true,"href":"https:\/\/vetedy.com\/fr\/wp-json\/wp\/v2\/comments?post=1342"}],"version-history":[{"count":47,"href":"https:\/\/vetedy.com\/fr\/wp-json\/wp\/v2\/pages\/1342\/revisions"}],"predecessor-version":[{"id":14829,"href":"https:\/\/vetedy.com\/fr\/wp-json\/wp\/v2\/pages\/1342\/revisions\/14829"}],"wp:attachment":[{"href":"https:\/\/vetedy.com\/fr\/wp-json\/wp\/v2\/media?parent=1342"}],"curies":[{"name":"wp","href":"https:\/\/api.w.org\/{rel}","templated":true}]}}