{"id":18982,"date":"2021-12-22T09:44:40","date_gmt":"2021-12-22T08:44:40","guid":{"rendered":"https:\/\/vetedy.com\/?page_id=18982"},"modified":"2024-01-23T11:22:02","modified_gmt":"2024-01-23T10:22:02","slug":"formular-de-contact","status":"publish","type":"page","link":"https:\/\/vetedy.com\/ro\/formular-de-contact\/","title":{"rendered":"Formular de contact"},"content":{"rendered":"\n<div id=\"block_abe8702de4234b1c2048edc5feda994d\" class=\"WizardHeader\" style=\"background-image: url(https:\/\/vetedy.com\/app\/uploads\/2022\/03\/black-background-1468370534d5s.jpg);\">\n    <div class=\"container\">\n        <div class=\"WizardHeader-texts\">\n            <h1>Formular simplu, precis si rapid.<\/h1>\n<p>Formularul nostru de contact a fost conceput pentru a v\u0103 ajuta s\u0103 g\u0103si\u021bi interlocutorul care sa va furnizeze informatiile necesare. Alege\u021bi profilul dvs. direct de mai jos, indiferent dac\u0103 sunte\u021bi persoan\u0103 fizic\u0103 sau juridica \u0219i apoi selecta\u021bi dac\u0103 dori\u021bi s\u0103 vizita\u021bi un showroom sau doar s\u0103 ne prezenta\u021bi proiectul de teras\u0103 \u0219i\/sau fatada.<\/p>\n<p><strong style=\"font-size: 18px;\">info@vetedy.com<\/strong><br \/>\n<strong style=\"font-size: 18px;\">39 Rte d&#8217;Arlon, 8410 Steinfort<\/strong><br \/>\n<strong style=\"font-size: 18px;\">+352 26 30 61 1<\/strong><\/p>\n        <\/div>\n        <div class=\"WizardHeader-steps\">\n            <ul class=\"FormSteps\">\n                                    <li class=\"FormStep\">\n                        <div class=\"FormStep-icon\">\n                            <i class=\"fal fa-user\"><\/i>                        <\/div>\n                        <div class=\"FormStep-text\">\n                            <span class=\"FormStep-text-number\">01.&nbsp;<\/span>\n                            <span class=\"FormStep-text-title\">Profilul tau<\/span>\n                        <\/div>\n                    <\/li>\n                                    <li class=\"FormStep\">\n                        <div class=\"FormStep-icon\">\n                            <i class=\"fal fa-search\"><\/i>                        <\/div>\n                        <div class=\"FormStep-text\">\n                            <span class=\"FormStep-text-number\">02.&nbsp;<\/span>\n                            <span class=\"FormStep-text-title\">Cerintele tale<\/span>\n                        <\/div>\n                    <\/li>\n                                    <li class=\"FormStep\">\n                        <div class=\"FormStep-icon\">\n                            <i class=\"fal fa-user-headset\"><\/i>                        <\/div>\n                        <div class=\"FormStep-text\">\n                            <span class=\"FormStep-text-number\">03.&nbsp;<\/span>\n                            <span class=\"FormStep-text-title\">R\u0103spuns rapid<\/span>\n                        <\/div>\n                    <\/li>\n                            <\/ul>\n        <\/div>\n    <\/div>\n<\/div>\n","protected":false},"excerpt":{"rendered":"","protected":false},"author":1,"featured_media":0,"parent":0,"menu_order":0,"comment_status":"closed","ping_status":"closed","template":"templates\/contact-wizard.php","meta":{"_acf_changed":false,"footnotes":""},"class_list":["post-18982","page","type-page","status-publish","hentry"],"acf":[],"yoast_head":"<!-- This site is optimized with the Yoast SEO plugin v26.5 - https:\/\/yoast.com\/wordpress\/plugins\/seo\/ -->\n<title>Formular de contact &#183; Vetedy<\/title>\n<meta name=\"description\" content=\"Fa\u021badele si terasele din lemn, de ultim\u0103 genera\u021bie, la cel mai bun pre\u021b atat pentru profesioni\u0219ti cat si pentru persoane fizice. Descoper\u0103 dealerii no\u0219tri din \u00eentreaga lume. Contact\" \/>\n<meta name=\"robots\" content=\"index, follow, max-snippet:-1, max-image-preview:large, max-video-preview:-1\" \/>\n<link rel=\"canonical\" href=\"https:\/\/vetedy.com\/ro\/formular-de-contact\/\" \/>\n<meta property=\"og:locale\" content=\"ro_RO\" \/>\n<meta property=\"og:type\" content=\"article\" \/>\n<meta property=\"og:title\" content=\"Formular de contact &#183; Vetedy\" \/>\n<meta property=\"og:description\" content=\"Fa\u021badele si terasele din lemn, de ultim\u0103 genera\u021bie, la cel mai bun pre\u021b atat pentru profesioni\u0219ti cat si pentru persoane fizice. Descoper\u0103 dealerii no\u0219tri din \u00eentreaga lume. Contact\" \/>\n<meta property=\"og:url\" content=\"https:\/\/vetedy.com\/ro\/formular-de-contact\/\" \/>\n<meta property=\"og:site_name\" content=\"Vetedy\" \/>\n<meta property=\"article:publisher\" content=\"https:\/\/www.facebook.com\/Vetedy\" \/>\n<meta property=\"article:modified_time\" content=\"2024-01-23T10:22:02+00:00\" \/>\n<meta property=\"og:image\" content=\"https:\/\/vetedy.com\/app\/uploads\/2022\/10\/open-graph.png\" \/>\n\t<meta property=\"og:image:width\" content=\"1600\" \/>\n\t<meta property=\"og:image:height\" content=\"1067\" \/>\n\t<meta property=\"og:image:type\" content=\"image\/png\" \/>\n<meta name=\"twitter:card\" content=\"summary_large_image\" \/>\n<script type=\"application\/ld+json\" class=\"yoast-schema-graph\">{\"@context\":\"https:\/\/schema.org\",\"@graph\":[{\"@type\":\"WebPage\",\"@id\":\"https:\/\/vetedy.com\/ro\/formular-de-contact\/\",\"url\":\"https:\/\/vetedy.com\/ro\/formular-de-contact\/\",\"name\":\"Formular de contact &#183; Vetedy\",\"isPartOf\":{\"@id\":\"https:\/\/vetedy.com\/fr\/#website\"},\"datePublished\":\"2021-12-22T08:44:40+00:00\",\"dateModified\":\"2024-01-23T10:22:02+00:00\",\"description\":\"Fa\u021badele si terasele din lemn, de ultim\u0103 genera\u021bie, la cel mai bun pre\u021b atat pentru profesioni\u0219ti cat si pentru persoane fizice. Descoper\u0103 dealerii no\u0219tri din \u00eentreaga lume. Contact\",\"breadcrumb\":{\"@id\":\"https:\/\/vetedy.com\/ro\/formular-de-contact\/#breadcrumb\"},\"inLanguage\":\"ro-RO\",\"potentialAction\":[{\"@type\":\"ReadAction\",\"target\":[\"https:\/\/vetedy.com\/ro\/formular-de-contact\/\"]}]},{\"@type\":\"BreadcrumbList\",\"@id\":\"https:\/\/vetedy.com\/ro\/formular-de-contact\/#breadcrumb\",\"itemListElement\":[{\"@type\":\"ListItem\",\"position\":1,\"name\":\"Home\",\"item\":\"https:\/\/vetedy.com\/ro\/\"},{\"@type\":\"ListItem\",\"position\":2,\"name\":\"Formular de contact\"}]},{\"@type\":\"WebSite\",\"@id\":\"https:\/\/vetedy.com\/fr\/#website\",\"url\":\"https:\/\/vetedy.com\/fr\/\",\"name\":\"Vetedy\",\"description\":\"Syst\u00e8mes de terrasses et bardages en bois \u00e0 fixations invisibles\",\"publisher\":{\"@id\":\"https:\/\/vetedy.com\/fr\/#organization\"},\"alternateName\":\"Vetedy WOOD DECKING SYSTEMS AND WOOD FACADES WITH INVISIBLE FASTENERS\",\"potentialAction\":[{\"@type\":\"SearchAction\",\"target\":{\"@type\":\"EntryPoint\",\"urlTemplate\":\"https:\/\/vetedy.com\/fr\/?s={search_term_string}\"},\"query-input\":{\"@type\":\"PropertyValueSpecification\",\"valueRequired\":true,\"valueName\":\"search_term_string\"}}],\"inLanguage\":\"ro-RO\"},{\"@type\":\"Organization\",\"@id\":\"https:\/\/vetedy.com\/fr\/#organization\",\"name\":\"Vetedy S.A\",\"alternateName\":\"Vetedy S.A WOOD DECKING SYSTEMS AND WOOD FACADES WITH INVISIBLE FASTENERS\",\"url\":\"https:\/\/vetedy.com\/fr\/\",\"logo\":{\"@type\":\"ImageObject\",\"inLanguage\":\"ro-RO\",\"@id\":\"https:\/\/vetedy.com\/fr\/#\/schema\/logo\/image\/\",\"url\":\"https:\/\/vetedy.com\/app\/uploads\/2022\/10\/Logo-Vetedy-transparent.png\",\"contentUrl\":\"https:\/\/vetedy.com\/app\/uploads\/2022\/10\/Logo-Vetedy-transparent.png\",\"width\":1080,\"height\":1080,\"caption\":\"Vetedy S.A\"},\"image\":{\"@id\":\"https:\/\/vetedy.com\/fr\/#\/schema\/logo\/image\/\"},\"sameAs\":[\"https:\/\/www.facebook.com\/Vetedy\",\"https:\/\/www.linkedin.com\/company\/vetedy-group\",\"https:\/\/www.instagram.com\/vetedy_official\",\"https:\/\/www.pinterest.fr\/vetedy\/\"]}]}<\/script>\n<!-- \/ Yoast SEO plugin. -->","yoast_head_json":{"title":"Formular de contact &#183; Vetedy","description":"Fa\u021badele si terasele din lemn, de ultim\u0103 genera\u021bie, la cel mai bun pre\u021b atat pentru profesioni\u0219ti cat si pentru persoane fizice. Descoper\u0103 dealerii no\u0219tri din \u00eentreaga lume. Contact","robots":{"index":"index","follow":"follow","max-snippet":"max-snippet:-1","max-image-preview":"max-image-preview:large","max-video-preview":"max-video-preview:-1"},"canonical":"https:\/\/vetedy.com\/ro\/formular-de-contact\/","og_locale":"ro_RO","og_type":"article","og_title":"Formular de contact &#183; Vetedy","og_description":"Fa\u021badele si terasele din lemn, de ultim\u0103 genera\u021bie, la cel mai bun pre\u021b atat pentru profesioni\u0219ti cat si pentru persoane fizice. Descoper\u0103 dealerii no\u0219tri din \u00eentreaga lume. Contact","og_url":"https:\/\/vetedy.com\/ro\/formular-de-contact\/","og_site_name":"Vetedy","article_publisher":"https:\/\/www.facebook.com\/Vetedy","article_modified_time":"2024-01-23T10:22:02+00:00","og_image":[{"width":1600,"height":1067,"url":"https:\/\/vetedy.com\/app\/uploads\/2022\/10\/open-graph.png","type":"image\/png"}],"twitter_card":"summary_large_image","schema":{"@context":"https:\/\/schema.org","@graph":[{"@type":"WebPage","@id":"https:\/\/vetedy.com\/ro\/formular-de-contact\/","url":"https:\/\/vetedy.com\/ro\/formular-de-contact\/","name":"Formular de contact &#183; Vetedy","isPartOf":{"@id":"https:\/\/vetedy.com\/fr\/#website"},"datePublished":"2021-12-22T08:44:40+00:00","dateModified":"2024-01-23T10:22:02+00:00","description":"Fa\u021badele si terasele din lemn, de ultim\u0103 genera\u021bie, la cel mai bun pre\u021b atat pentru profesioni\u0219ti cat si pentru persoane fizice. Descoper\u0103 dealerii no\u0219tri din \u00eentreaga lume. Contact","breadcrumb":{"@id":"https:\/\/vetedy.com\/ro\/formular-de-contact\/#breadcrumb"},"inLanguage":"ro-RO","potentialAction":[{"@type":"ReadAction","target":["https:\/\/vetedy.com\/ro\/formular-de-contact\/"]}]},{"@type":"BreadcrumbList","@id":"https:\/\/vetedy.com\/ro\/formular-de-contact\/#breadcrumb","itemListElement":[{"@type":"ListItem","position":1,"name":"Home","item":"https:\/\/vetedy.com\/ro\/"},{"@type":"ListItem","position":2,"name":"Formular de contact"}]},{"@type":"WebSite","@id":"https:\/\/vetedy.com\/fr\/#website","url":"https:\/\/vetedy.com\/fr\/","name":"Vetedy","description":"Syst\u00e8mes de terrasses et bardages en bois \u00e0 fixations invisibles","publisher":{"@id":"https:\/\/vetedy.com\/fr\/#organization"},"alternateName":"Vetedy WOOD DECKING SYSTEMS AND WOOD FACADES WITH INVISIBLE FASTENERS","potentialAction":[{"@type":"SearchAction","target":{"@type":"EntryPoint","urlTemplate":"https:\/\/vetedy.com\/fr\/?s={search_term_string}"},"query-input":{"@type":"PropertyValueSpecification","valueRequired":true,"valueName":"search_term_string"}}],"inLanguage":"ro-RO"},{"@type":"Organization","@id":"https:\/\/vetedy.com\/fr\/#organization","name":"Vetedy S.A","alternateName":"Vetedy S.A WOOD DECKING SYSTEMS AND WOOD FACADES WITH INVISIBLE FASTENERS","url":"https:\/\/vetedy.com\/fr\/","logo":{"@type":"ImageObject","inLanguage":"ro-RO","@id":"https:\/\/vetedy.com\/fr\/#\/schema\/logo\/image\/","url":"https:\/\/vetedy.com\/app\/uploads\/2022\/10\/Logo-Vetedy-transparent.png","contentUrl":"https:\/\/vetedy.com\/app\/uploads\/2022\/10\/Logo-Vetedy-transparent.png","width":1080,"height":1080,"caption":"Vetedy S.A"},"image":{"@id":"https:\/\/vetedy.com\/fr\/#\/schema\/logo\/image\/"},"sameAs":["https:\/\/www.facebook.com\/Vetedy","https:\/\/www.linkedin.com\/company\/vetedy-group","https:\/\/www.instagram.com\/vetedy_official","https:\/\/www.pinterest.fr\/vetedy\/"]}]}},"_links":{"self":[{"href":"https:\/\/vetedy.com\/ro\/wp-json\/wp\/v2\/pages\/18982","targetHints":{"allow":["GET"]}}],"collection":[{"href":"https:\/\/vetedy.com\/ro\/wp-json\/wp\/v2\/pages"}],"about":[{"href":"https:\/\/vetedy.com\/ro\/wp-json\/wp\/v2\/types\/page"}],"author":[{"embeddable":true,"href":"https:\/\/vetedy.com\/ro\/wp-json\/wp\/v2\/users\/1"}],"replies":[{"embeddable":true,"href":"https:\/\/vetedy.com\/ro\/wp-json\/wp\/v2\/comments?post=18982"}],"version-history":[{"count":14,"href":"https:\/\/vetedy.com\/ro\/wp-json\/wp\/v2\/pages\/18982\/revisions"}],"predecessor-version":[{"id":19081,"href":"https:\/\/vetedy.com\/ro\/wp-json\/wp\/v2\/pages\/18982\/revisions\/19081"}],"wp:attachment":[{"href":"https:\/\/vetedy.com\/ro\/wp-json\/wp\/v2\/media?parent=18982"}],"curies":[{"name":"wp","href":"https:\/\/api.w.org\/{rel}","templated":true}]}}